{"id":758,"date":"2025-04-17T13:36:51","date_gmt":"2025-04-17T13:36:51","guid":{"rendered":"https:\/\/sissemariejebe.dk\/psykoterapi\/?page_id=758"},"modified":"2025-10-30T08:29:38","modified_gmt":"2025-10-30T08:29:38","slug":"familieterapi","status":"publish","type":"page","link":"https:\/\/sissemariejebe.dk\/psykoterapi\/familieterapi\/","title":{"rendered":"Familieterapi"},"content":{"rendered":"\t\t<div data-elementor-type=\"wp-page\" data-elementor-id=\"758\" class=\"elementor elementor-758\">\n\t\t\t\t<div class=\"elementor-element elementor-element-f2c874f e-flex e-con-boxed e-con e-parent\" data-id=\"f2c874f\" data-element_type=\"container\" data-settings=\"{&quot;background_background&quot;:&quot;classic&quot;}\">\n\t\t\t\t\t<div class=\"e-con-inner\">\n\t\t<div class=\"elementor-element elementor-element-9f32781 e-con-full e-flex e-con e-child\" data-id=\"9f32781\" data-element_type=\"container\">\n\t\t\t\t<div class=\"elementor-element elementor-element-48738cd elementor-widget elementor-widget-image\" data-id=\"48738cd\" data-element_type=\"widget\" data-widget_type=\"image.default\">\n\t\t\t\t<div class=\"elementor-widget-container\">\n\t\t\t\t\t\t\t\t\t\t\t\t\t\t\t<img fetchpriority=\"high\" decoding=\"async\" width=\"1200\" height=\"470\" src=\"https:\/\/sissemariejebe.dk\/psykoterapi\/wp-content\/uploads\/2025\/04\/familieterapi-ramme.png\" class=\"attachment-full size-full wp-image-761\" alt=\"\" srcset=\"https:\/\/sissemariejebe.dk\/psykoterapi\/wp-content\/uploads\/2025\/04\/familieterapi-ramme.png 1200w, https:\/\/sissemariejebe.dk\/psykoterapi\/wp-content\/uploads\/2025\/04\/familieterapi-ramme-300x118.png 300w, https:\/\/sissemariejebe.dk\/psykoterapi\/wp-content\/uploads\/2025\/04\/familieterapi-ramme-1024x401.png 1024w, https:\/\/sissemariejebe.dk\/psykoterapi\/wp-content\/uploads\/2025\/04\/familieterapi-ramme-768x301.png 768w\" sizes=\"(max-width: 1200px) 100vw, 1200px\" \/>\t\t\t\t\t\t\t\t\t\t\t\t\t\t\t<\/div>\n\t\t\t\t<\/div>\n\t\t\t\t<div class=\"elementor-element elementor-element-c2fdbaf elementor-widget elementor-widget-text-editor\" data-id=\"c2fdbaf\" data-element_type=\"widget\" data-widget_type=\"text-editor.default\">\n\t\t\t\t<div class=\"elementor-widget-container\">\n\t\t\t\t\t\t\t\t\t<p>\u00a0<\/p><p>B\u00f8rn har ikke ansvaret for familiens trivsel. Det er det, familieterapi kan hj\u00e6lpe med. Med terapi letter vi b\u00f8rnene fra ansvaret, og vi taler om, hvordan de voksne kan tage ansvar for situationen. F\u00f8rste og sidste samtale vil altid v\u00e6re med hele familien, s\u00e5dan at vi starter sammen og slutter sammen. Hvordan de andre samtaler kommer til at foreg\u00e5, finder vi sammen ud af efter f\u00f8rste m\u00f8de.<\/p><p>Vores b\u00f8rn vil altid f\u00f8lge os for\u00e6ldre. De g\u00f8r som os og er vores st\u00f8rste spejl.<\/p><p>Ved at arbejde i familie terapi finder vi sammen ind til kernen af hvad I har med jer som for\u00e6ldre og igennem det arbejde bliver familiens m\u00f8nstre tydeligere.<\/p><p><strong>Helt praktisk.<\/strong><\/p><p>Jeg har praksis i Gilleleje, men kan derudover ogs\u00e5 tilbyde at komme hjem til jer. Dog indenfor en radius af 30 km.<\/p><p>\u00a0<\/p>\t\t\t\t\t\t\t\t<\/div>\n\t\t\t\t<\/div>\n\t\t\t\t<\/div>\n\t\t\t\t\t<\/div>\n\t\t\t\t<\/div>\n\t\t\t\t<\/div>\n\t\t","protected":false},"excerpt":{"rendered":"<p>\u00a0 B\u00f8rn har ikke ansvaret for familiens trivsel. Det er det, familieterapi kan hj\u00e6lpe med. Med terapi letter vi b\u00f8rnene fra ansvaret, og vi taler om, hvordan de voksne kan tage ansvar for situationen. F\u00f8rste og sidste samtale vil altid v\u00e6re med hele familien, s\u00e5dan at vi starter sammen og slutter sammen. Hvordan de andre<\/p>\n","protected":false},"author":1,"featured_media":0,"parent":0,"menu_order":0,"comment_status":"closed","ping_status":"closed","template":"","meta":{"solace_meta_sidebar":"","solace_meta_container":"","solace_meta_enable_content_width":"","solace_meta_content_width":0,"solace_meta_title_alignment":"","solace_meta_author_avatar":"","solace_post_elements_order":"","solace_meta_disable_header":"","solace_meta_disable_footer":"","solace_meta_disable_title":"","footnotes":""},"class_list":["post-758","page","type-page","status-publish","hentry"],"_links":{"self":[{"href":"https:\/\/sissemariejebe.dk\/psykoterapi\/wp-json\/wp\/v2\/pages\/758","targetHints":{"allow":["GET"]}}],"collection":[{"href":"https:\/\/sissemariejebe.dk\/psykoterapi\/wp-json\/wp\/v2\/pages"}],"about":[{"href":"https:\/\/sissemariejebe.dk\/psykoterapi\/wp-json\/wp\/v2\/types\/page"}],"author":[{"embeddable":true,"href":"https:\/\/sissemariejebe.dk\/psykoterapi\/wp-json\/wp\/v2\/users\/1"}],"replies":[{"embeddable":true,"href":"https:\/\/sissemariejebe.dk\/psykoterapi\/wp-json\/wp\/v2\/comments?post=758"}],"version-history":[{"count":16,"href":"https:\/\/sissemariejebe.dk\/psykoterapi\/wp-json\/wp\/v2\/pages\/758\/revisions"}],"predecessor-version":[{"id":1194,"href":"https:\/\/sissemariejebe.dk\/psykoterapi\/wp-json\/wp\/v2\/pages\/758\/revisions\/1194"}],"wp:attachment":[{"href":"https:\/\/sissemariejebe.dk\/psykoterapi\/wp-json\/wp\/v2\/media?parent=758"}],"curies":[{"name":"wp","href":"https:\/\/api.w.org\/{rel}","templated":true}]}}