{"id":745,"date":"2025-04-17T13:36:51","date_gmt":"2025-04-17T13:36:51","guid":{"rendered":"https:\/\/sissemariejebe.dk\/psykoterapi\/?page_id=745"},"modified":"2025-10-30T08:25:15","modified_gmt":"2025-10-30T08:25:15","slug":"parterapi","status":"publish","type":"page","link":"https:\/\/sissemariejebe.dk\/psykoterapi\/parterapi\/","title":{"rendered":"Parterapi"},"content":{"rendered":"\t\t<div data-elementor-type=\"wp-page\" data-elementor-id=\"745\" class=\"elementor elementor-745\">\n\t\t\t\t<div class=\"elementor-element elementor-element-f2c874f e-flex e-con-boxed e-con e-parent\" data-id=\"f2c874f\" data-element_type=\"container\" data-settings=\"{&quot;background_background&quot;:&quot;classic&quot;}\">\n\t\t\t\t\t<div class=\"e-con-inner\">\n\t\t<div class=\"elementor-element elementor-element-9f32781 e-con-full e-flex e-con e-child\" data-id=\"9f32781\" data-element_type=\"container\">\n\t\t\t\t<div class=\"elementor-element elementor-element-48738cd elementor-widget elementor-widget-image\" data-id=\"48738cd\" data-element_type=\"widget\" data-widget_type=\"image.default\">\n\t\t\t\t<div class=\"elementor-widget-container\">\n\t\t\t\t\t\t\t\t\t\t\t\t\t\t\t<img fetchpriority=\"high\" decoding=\"async\" width=\"1200\" height=\"470\" src=\"https:\/\/sissemariejebe.dk\/psykoterapi\/wp-content\/uploads\/2025\/04\/parterapi-ramme.png\" class=\"attachment-full size-full wp-image-747\" alt=\"\" srcset=\"https:\/\/sissemariejebe.dk\/psykoterapi\/wp-content\/uploads\/2025\/04\/parterapi-ramme.png 1200w, https:\/\/sissemariejebe.dk\/psykoterapi\/wp-content\/uploads\/2025\/04\/parterapi-ramme-300x118.png 300w, https:\/\/sissemariejebe.dk\/psykoterapi\/wp-content\/uploads\/2025\/04\/parterapi-ramme-1024x401.png 1024w, https:\/\/sissemariejebe.dk\/psykoterapi\/wp-content\/uploads\/2025\/04\/parterapi-ramme-768x301.png 768w\" sizes=\"(max-width: 1200px) 100vw, 1200px\" \/>\t\t\t\t\t\t\t\t\t\t\t\t\t\t\t<\/div>\n\t\t\t\t<\/div>\n\t\t\t\t<div class=\"elementor-element elementor-element-c2fdbaf elementor-widget elementor-widget-text-editor\" data-id=\"c2fdbaf\" data-element_type=\"widget\" data-widget_type=\"text-editor.default\">\n\t\t\t\t<div class=\"elementor-widget-container\">\n\t\t\t\t\t\t\t\t\t<p>\u00a0<\/p><ul><li>Oplever I, at gl\u00e6den ved jeres parforhold er mindre end normalt?<\/li><li>Er jeres omsorg for hinanden erstattet af frustration?<\/li><li>Har I vanskeligt ved at kommunikere og st\u00e5r I med oplevelsen af ikke at blive set af jeres partner?<\/li><li>Har I mistet f\u00f8lelsen af forbindelse og samh\u00f8righed?<\/li><li>Lever I sammen i et forhold med \u201ddine og mine b\u00f8rn \u201dog kan ikke finde et fundament som er til at v\u00e6re i?<\/li><\/ul><p>Hvis I kan genkende nogle af disse udfordringer, er I ikke alene. Parforhold kan blive udfordret af forskellige livsfaser og begivenheder, og det er en naturlig del af det at v\u00e6re sammen som et par. Men hvis I \u00f8nsker at bevare et godt forhold med gl\u00e6de og tiltr\u00e6kning, kan det v\u00e6re noget, der skal arbejdes med.<\/p><p>Mange par oplever perioder, hvor fysisk intimitet og daglig kommunikation aftager, hvilket kan skabe en f\u00f8lelse af afstand og isolation.<\/p><p>I parterapien fokuserer jeg p\u00e5, at genopbygge disse fundamentale aspekter af jeres forhold, gennem skr\u00e6ddersyede forl\u00f8b, som tager udgangspunkt i netop jeres unikke behov og situationer.<\/p><p>Ved at v\u00e6lge parterapi-forl\u00f8b hos mig, kan I tage et aktivt skridt mod et mere tilfredsstillende og k\u00e6rligt parforhold.<\/p><p><strong>Helt praktisk\u2026<\/strong><\/p><p>Jeg har praksis i Gilleleje, men kan derudover ogs\u00e5 tilbyde at komme hjem til jer. Dog indenfor en radius af 30 km.<\/p><ul><li style=\"list-style-type: none;\">\u00a0<\/li><\/ul>\t\t\t\t\t\t\t\t<\/div>\n\t\t\t\t<\/div>\n\t\t\t\t<\/div>\n\t\t\t\t\t<\/div>\n\t\t\t\t<\/div>\n\t\t\t\t<\/div>\n\t\t","protected":false},"excerpt":{"rendered":"<p>\u00a0 Oplever I, at gl\u00e6den ved jeres parforhold er mindre end normalt? Er jeres omsorg for hinanden erstattet af frustration? Har I vanskeligt ved at kommunikere og st\u00e5r I med oplevelsen af ikke at blive set af jeres partner? Har I mistet f\u00f8lelsen af forbindelse og samh\u00f8righed? Lever I sammen i et forhold med \u201ddine<\/p>\n","protected":false},"author":1,"featured_media":0,"parent":0,"menu_order":0,"comment_status":"closed","ping_status":"closed","template":"","meta":{"solace_meta_sidebar":"","solace_meta_container":"","solace_meta_enable_content_width":"","solace_meta_content_width":0,"solace_meta_title_alignment":"","solace_meta_author_avatar":"","solace_post_elements_order":"","solace_meta_disable_header":"","solace_meta_disable_footer":"","solace_meta_disable_title":"","footnotes":""},"class_list":["post-745","page","type-page","status-publish","hentry"],"_links":{"self":[{"href":"https:\/\/sissemariejebe.dk\/psykoterapi\/wp-json\/wp\/v2\/pages\/745","targetHints":{"allow":["GET"]}}],"collection":[{"href":"https:\/\/sissemariejebe.dk\/psykoterapi\/wp-json\/wp\/v2\/pages"}],"about":[{"href":"https:\/\/sissemariejebe.dk\/psykoterapi\/wp-json\/wp\/v2\/types\/page"}],"author":[{"embeddable":true,"href":"https:\/\/sissemariejebe.dk\/psykoterapi\/wp-json\/wp\/v2\/users\/1"}],"replies":[{"embeddable":true,"href":"https:\/\/sissemariejebe.dk\/psykoterapi\/wp-json\/wp\/v2\/comments?post=745"}],"version-history":[{"count":19,"href":"https:\/\/sissemariejebe.dk\/psykoterapi\/wp-json\/wp\/v2\/pages\/745\/revisions"}],"predecessor-version":[{"id":1191,"href":"https:\/\/sissemariejebe.dk\/psykoterapi\/wp-json\/wp\/v2\/pages\/745\/revisions\/1191"}],"wp:attachment":[{"href":"https:\/\/sissemariejebe.dk\/psykoterapi\/wp-json\/wp\/v2\/media?parent=745"}],"curies":[{"name":"wp","href":"https:\/\/api.w.org\/{rel}","templated":true}]}}