{"id":578,"date":"2025-04-17T13:36:51","date_gmt":"2025-04-17T13:36:51","guid":{"rendered":"https:\/\/sissemariejebe.dk\/psykoterapi\/?page_id=578"},"modified":"2025-10-30T08:31:23","modified_gmt":"2025-10-30T08:31:23","slug":"elementor-side-578","status":"publish","type":"page","link":"https:\/\/sissemariejebe.dk\/psykoterapi\/elementor-side-578\/","title":{"rendered":"Individuel terapi"},"content":{"rendered":"\t\t<div data-elementor-type=\"wp-page\" data-elementor-id=\"578\" class=\"elementor elementor-578\">\n\t\t\t\t<div class=\"elementor-element elementor-element-f2c874f e-flex e-con-boxed e-con e-parent\" data-id=\"f2c874f\" data-element_type=\"container\" data-settings=\"{&quot;background_background&quot;:&quot;classic&quot;}\">\n\t\t\t\t\t<div class=\"e-con-inner\">\n\t\t<div class=\"elementor-element elementor-element-9f32781 e-con-full e-flex e-con e-child\" data-id=\"9f32781\" data-element_type=\"container\">\n\t\t\t\t<div class=\"elementor-element elementor-element-48738cd elementor-widget elementor-widget-image\" data-id=\"48738cd\" data-element_type=\"widget\" data-widget_type=\"image.default\">\n\t\t\t\t<div class=\"elementor-widget-container\">\n\t\t\t\t\t\t\t\t\t\t\t\t\t\t\t<img fetchpriority=\"high\" decoding=\"async\" width=\"1200\" height=\"470\" src=\"https:\/\/sissemariejebe.dk\/psykoterapi\/wp-content\/uploads\/2025\/04\/individuel-ramme-2-1.png\" class=\"attachment-full size-full wp-image-738\" alt=\"\" srcset=\"https:\/\/sissemariejebe.dk\/psykoterapi\/wp-content\/uploads\/2025\/04\/individuel-ramme-2-1.png 1200w, https:\/\/sissemariejebe.dk\/psykoterapi\/wp-content\/uploads\/2025\/04\/individuel-ramme-2-1-300x118.png 300w, https:\/\/sissemariejebe.dk\/psykoterapi\/wp-content\/uploads\/2025\/04\/individuel-ramme-2-1-1024x401.png 1024w, https:\/\/sissemariejebe.dk\/psykoterapi\/wp-content\/uploads\/2025\/04\/individuel-ramme-2-1-768x301.png 768w\" sizes=\"(max-width: 1200px) 100vw, 1200px\" \/>\t\t\t\t\t\t\t\t\t\t\t\t\t\t\t<\/div>\n\t\t\t\t<\/div>\n\t\t\t\t<div class=\"elementor-element elementor-element-c2fdbaf elementor-widget elementor-widget-text-editor\" data-id=\"c2fdbaf\" data-element_type=\"widget\" data-widget_type=\"text-editor.default\">\n\t\t\t\t<div class=\"elementor-widget-container\">\n\t\t\t\t\t\t\t\t\t<p>\u00a0<\/p><ul><li>F\u00f8ler at din hverdag eller betydningsfulde aspekter af dit liv ikke fungerer<\/li><li>K\u00e6mper med tvivl, utilstr\u00e6kkelighed, manglende selvtillid og selvv\u00e6rd<\/li><li>Befinder dig midt i en krise og\/eller har sv\u00e6rt ved forandrende livsomst\u00e6ndigheder<\/li><li>F\u00f8ler dig presset og stresset<\/li><li>Synes at spekulationer og bekymringer fylder for meget<\/li><li>K\u00e6mper med angst og usikkerhed<\/li><li>Oplever at dit hum\u00f8r svinger op og ned<\/li><li>Synes, at du har alt for let til t\u00e5rer eller m\u00e5ske vrede<\/li><li>Har sv\u00e6rt ved at se meningen med det hele<\/li><li>F\u00f8ler dig trist og deprimeret<\/li><li>F\u00f8ler dig utilpas i dit studieliv, arbejdsliv eller familieliv<\/li><li>Har problemer med nogle af de mennesker i dit liv, som er vigtige for dig<\/li><li>\u00d8nsker personlig udvikling og \u00f8get selvbevidsthed.<\/li><\/ul><p><em>Det er altid et individuelt valg, hvorn\u00e5r du synes terapi er \u2019n\u00f8dvendigt\u2019 eller nyttigt. Hvis du er i tvivl, er du velkommen til at kontakte mig.<\/em><\/p><p>Jeg kan tilbyde terapi med mig i et trygt rum, hvor du kan udforske og forst\u00e5 de tanker og f\u00f8lelser, som skaber udfordringer i dit liv.<\/p><p>Uanset om du k\u00e6mper med skyld, skam, sorg, vrede, angst eller er blevet en pleaser, kan samtaleterapi hj\u00e6lpe dig med at opn\u00e5 dybere selvindsigt og varig forandring.<\/p><p><strong>Helt praktisk\u2026<\/strong><\/p><p>Jeg har praksis i Gilleleje, men kan derudover ogs\u00e5 tilbyde at komme hjem til jer. Dog indenfor en radius af 30 km.<\/p>\t\t\t\t\t\t\t\t<\/div>\n\t\t\t\t<\/div>\n\t\t\t\t<\/div>\n\t\t\t\t\t<\/div>\n\t\t\t\t<\/div>\n\t\t\t\t<\/div>\n\t\t","protected":false},"excerpt":{"rendered":"<p>\u00a0 F\u00f8ler at din hverdag eller betydningsfulde aspekter af dit liv ikke fungerer K\u00e6mper med tvivl, utilstr\u00e6kkelighed, manglende selvtillid og selvv\u00e6rd Befinder dig midt i en krise og\/eller har sv\u00e6rt ved forandrende livsomst\u00e6ndigheder F\u00f8ler dig presset og stresset Synes at spekulationer og bekymringer fylder for meget K\u00e6mper med angst og usikkerhed Oplever at dit hum\u00f8r<\/p>\n","protected":false},"author":1,"featured_media":0,"parent":0,"menu_order":0,"comment_status":"closed","ping_status":"closed","template":"","meta":{"solace_meta_sidebar":"","solace_meta_container":"","solace_meta_enable_content_width":"","solace_meta_content_width":0,"solace_meta_title_alignment":"","solace_meta_author_avatar":"","solace_post_elements_order":"","solace_meta_disable_header":"","solace_meta_disable_footer":"","solace_meta_disable_title":"","footnotes":""},"class_list":["post-578","page","type-page","status-publish","hentry"],"_links":{"self":[{"href":"https:\/\/sissemariejebe.dk\/psykoterapi\/wp-json\/wp\/v2\/pages\/578","targetHints":{"allow":["GET"]}}],"collection":[{"href":"https:\/\/sissemariejebe.dk\/psykoterapi\/wp-json\/wp\/v2\/pages"}],"about":[{"href":"https:\/\/sissemariejebe.dk\/psykoterapi\/wp-json\/wp\/v2\/types\/page"}],"author":[{"embeddable":true,"href":"https:\/\/sissemariejebe.dk\/psykoterapi\/wp-json\/wp\/v2\/users\/1"}],"replies":[{"embeddable":true,"href":"https:\/\/sissemariejebe.dk\/psykoterapi\/wp-json\/wp\/v2\/comments?post=578"}],"version-history":[{"count":41,"href":"https:\/\/sissemariejebe.dk\/psykoterapi\/wp-json\/wp\/v2\/pages\/578\/revisions"}],"predecessor-version":[{"id":1197,"href":"https:\/\/sissemariejebe.dk\/psykoterapi\/wp-json\/wp\/v2\/pages\/578\/revisions\/1197"}],"wp:attachment":[{"href":"https:\/\/sissemariejebe.dk\/psykoterapi\/wp-json\/wp\/v2\/media?parent=578"}],"curies":[{"name":"wp","href":"https:\/\/api.w.org\/{rel}","templated":true}]}}